{"id":2127,"date":"2018-11-21T18:01:24","date_gmt":"2018-11-21T20:01:24","guid":{"rendered":"http:\/\/caseiroenatural.com.br\/web\/?page_id=2127"},"modified":"2025-02-12T14:46:54","modified_gmt":"2025-02-12T17:46:54","slug":"biscoitos-doces-veganos","status":"publish","type":"page","link":"https:\/\/caseiroenatural.com.br\/web\/produtos\/biscoitos-doces-veganos\/","title":{"rendered":"Biscoitos Doces Veganos"},"content":{"rendered":"<p>[vc_row css=&#8221;.vc_custom_1541433153451{margin-top: 30px !important;}&#8221;][vc_column width=&#8221;2\/3&#8243;][vc_custom_heading text=&#8221;feitos com farinha integral e a\u00e7\u00facar mascavo&#8221; font_container=&#8221;tag:h2|text_align:left|color:%233a231c&#8221; use_theme_fonts=&#8221;yes&#8221;][vc_column_text]Deliciosos biscoitos doces, formando uma textura leve e macia com suave sabor natural. Cada sabor \u00e9 aromatizado naturalmente com os pr\u00f3prios ingredientes. Alimento 100% natural, livre de leite, ovos, derivados de animal, soja, conservante, aromatizante e corante.[\/vc_column_text][\/vc_column][vc_column width=&#8221;1\/3&#8243; css=&#8221;.vc_custom_1542825712675{margin-bottom: 40px !important;}&#8221;][vc_btn title=&#8221;Voltar para produtos&#8221; style=&#8221;outline&#8221; shape=&#8221;square&#8221; color=&#8221;theme_secondary_btn&#8221; size=&#8221;sm&#8221; align=&#8221;right&#8221; link=&#8221;url:http%3A%2F%2Fcaseiroenatural.com.br%2Fweb%2Fprodutos%2F|||&#8221;][\/vc_column][\/vc_row][vc_row css=&#8221;.vc_custom_1542829703588{margin-bottom: 40px !important;border-top-width: 3px !important;border-right-width: 3px !important;border-bottom-width: 3px !important;border-left-width: 3px !important;padding-top: 15px !important;padding-right: 50px !important;padding-bottom: 15px !important;padding-left: 50px !important;background-color: #cdb292 !important;border-left-color: #ffffff !important;border-left-style: solid !important;border-right-color: #ffffff !important;border-right-style: solid !important;border-top-color: #ffffff !important;border-top-style: solid !important;border-bottom-color: #ffffff !important;border-bottom-style: solid !important;border-radius: 25px !important;}&#8221; el_id=&#8221;Linha do produto&#8221;][vc_column width=&#8221;1\/4&#8243;][vc_single_image image=&#8221;2169&#8243; img_size=&#8221;full&#8221; alignment=&#8221;center&#8221;][\/vc_column][vc_column width=&#8221;3\/4&#8243; css=&#8221;.vc_custom_1544461774940{margin-top: 30px !important;}&#8221;][vc_custom_heading text=&#8221;Biscoito Integral Castanha do Par\u00e1&#8221; font_container=&#8221;tag:h2|text_align:left|color:%233a231c&#8221; use_theme_fonts=&#8221;yes&#8221;][vc_column_text]Feito com uma maior concentra\u00e7\u00e3o de farinha de trigo integral, ado\u00e7ado com a\u00e7\u00facar mascavo e aromatizado naturalmente com a farinha de castanha do Par\u00e1.[\/vc_column_text][vc_row_inner][vc_column_inner width=&#8221;1\/2&#8243;][vc_gallery type=&#8221;image_grid&#8221; images=&#8221;2058,2057,2172&#8243; img_size=&#8221;full&#8221; onclick=&#8221;&#8221;][\/vc_column_inner][vc_column_inner width=&#8221;1\/2&#8243; css=&#8221;.vc_custom_1542824668391{margin-top: -25px !important;margin-bottom: 20px !important;}&#8221;][modal_popup_box titletext=&#8221;&#8221; bodybg=&#8221;#0f0f0f&#8221; btntext=&#8221;Tabela nutricional&#8221; btnclr=&#8221;#909132&#8243; btnbg=&#8221;#ffffff&#8221;]<img loading=\"lazy\" decoding=\"async\" class=\"alignnone size-full wp-image-2355\" src=\"https:\/\/caseiroenatural.com.br\/web\/wp-content\/uploads\/2019\/07\/INFORMA\u00c7\u00d5ES-NUTRICIONAL-BISCOITO-INTEGRAL-CASTANHA-DO-PARA-1.jpg\" alt=\"\" width=\"600\" height=\"372\" srcset=\"https:\/\/caseiroenatural.com.br\/web\/wp-content\/uploads\/2019\/07\/INFORMA\u00c7\u00d5ES-NUTRICIONAL-BISCOITO-INTEGRAL-CASTANHA-DO-PARA-1.jpg 600w, https:\/\/caseiroenatural.com.br\/web\/wp-content\/uploads\/2019\/07\/INFORMA\u00c7\u00d5ES-NUTRICIONAL-BISCOITO-INTEGRAL-CASTANHA-DO-PARA-1-300x186.jpg 300w\" sizes=\"auto, (max-width: 600px) 100vw, 600px\" \/>[\/modal_popup_box][\/vc_column_inner][\/vc_row_inner][\/vc_column][\/vc_row][vc_row css=&#8221;.vc_custom_1542829898124{margin-bottom: 40px !important;border-top-width: 3px !important;border-right-width: 3px !important;border-bottom-width: 3px !important;border-left-width: 3px !important;padding-top: 15px !important;padding-right: 50px !important;padding-bottom: 15px !important;padding-left: 50px !important;background-color: #d2a277 !important;border-left-color: #ffffff !important;border-left-style: solid !important;border-right-color: #ffffff !important;border-right-style: solid !important;border-top-color: #ffffff !important;border-top-style: solid !important;border-bottom-color: #ffffff !important;border-bottom-style: solid !important;border-radius: 25px !important;}&#8221;][vc_column width=&#8221;1\/4&#8243;][vc_single_image image=&#8221;2171&#8243; img_size=&#8221;full&#8221; alignment=&#8221;center&#8221;][\/vc_column][vc_column width=&#8221;3\/4&#8243; css=&#8221;.vc_custom_1544461798382{margin-top: 30px !important;}&#8221;][vc_custom_heading text=&#8221;Biscoito Integral de Coco&#8221; font_container=&#8221;tag:h2|text_align:left|color:%233a231c&#8221; use_theme_fonts=&#8221;yes&#8221;][vc_column_text]Feito com uma maior concentra\u00e7\u00e3o de farinha de trigo integral, ado\u00e7ado com a\u00e7\u00facar mascavo e aromatizado naturalmente com a farinha de coco fresco.[\/vc_column_text][vc_row_inner][vc_column_inner width=&#8221;1\/2&#8243;][vc_gallery type=&#8221;image_grid&#8221; images=&#8221;2058,2057,2172&#8243; img_size=&#8221;full&#8221; onclick=&#8221;&#8221;][\/vc_column_inner][vc_column_inner width=&#8221;1\/2&#8243; css=&#8221;.vc_custom_1542824668391{margin-top: -25px !important;margin-bottom: 20px !important;}&#8221;][modal_popup_box titletext=&#8221;&#8221; bodybg=&#8221;#0f0f0f&#8221; caption_url=&#8221;&#8221; btntext=&#8221;Tabela nutricional&#8221; btnclr=&#8221;#909132&#8243; btnbg=&#8221;#ffffff&#8221;]<img loading=\"lazy\" decoding=\"async\" class=\"alignnone size-full wp-image-2809\" src=\"https:\/\/caseiroenatural.com.br\/web\/wp-content\/uploads\/2020\/01\/INFORMA\u00c7\u00d5ES-NUTRICIONAL-BISCOITO-INTEGRAL-DE-COCO.jpg\" alt=\"\" width=\"638\" height=\"400\" srcset=\"https:\/\/caseiroenatural.com.br\/web\/wp-content\/uploads\/2020\/01\/INFORMA\u00c7\u00d5ES-NUTRICIONAL-BISCOITO-INTEGRAL-DE-COCO.jpg 638w, https:\/\/caseiroenatural.com.br\/web\/wp-content\/uploads\/2020\/01\/INFORMA\u00c7\u00d5ES-NUTRICIONAL-BISCOITO-INTEGRAL-DE-COCO-300x188.jpg 300w, https:\/\/caseiroenatural.com.br\/web\/wp-content\/uploads\/2020\/01\/INFORMA\u00c7\u00d5ES-NUTRICIONAL-BISCOITO-INTEGRAL-DE-COCO-250x157.jpg 250w\" sizes=\"auto, (max-width: 638px) 100vw, 638px\" \/>[\/modal_popup_box][\/vc_column_inner][\/vc_row_inner][\/vc_column][\/vc_row][vc_row css=&#8221;.vc_custom_1542830093301{margin-bottom: 40px !important;border-top-width: 3px !important;border-right-width: 3px !important;border-bottom-width: 3px !important;border-left-width: 3px !important;padding-top: 15px !important;padding-right: 50px !important;padding-bottom: 15px !important;padding-left: 50px !important;background-color: #e0be7b !important;border-left-color: #ffffff !important;border-left-style: solid !important;border-right-color: #ffffff !important;border-right-style: solid !important;border-top-color: #ffffff !important;border-top-style: solid !important;border-bottom-color: #ffffff !important;border-bottom-style: solid !important;border-radius: 25px !important;}&#8221;][vc_column width=&#8221;1\/4&#8243;][vc_single_image image=&#8221;2173&#8243; img_size=&#8221;full&#8221; alignment=&#8221;center&#8221;][\/vc_column][vc_column width=&#8221;3\/4&#8243; css=&#8221;.vc_custom_1544462013432{margin-top: 20px !important;}&#8221;][vc_custom_heading text=&#8221;Biscoito Integral de Gengibre&#8221; font_container=&#8221;tag:h2|text_align:left|color:%233a231c&#8221; use_theme_fonts=&#8221;yes&#8221;][vc_column_text]Feito com uma maior concentra\u00e7\u00e3o de farinha de trigo integral, ado\u00e7ado com a\u00e7\u00facar mascavo e aromatizado naturalmente com a raiz do gengibre ralado.[\/vc_column_text][vc_row_inner][vc_column_inner width=&#8221;1\/2&#8243;][vc_gallery type=&#8221;image_grid&#8221; images=&#8221;2058,2057,2172&#8243; img_size=&#8221;full&#8221; onclick=&#8221;&#8221;][\/vc_column_inner][vc_column_inner width=&#8221;1\/2&#8243;][modal_popup_box titletext=&#8221;&#8221; bodybg=&#8221;#0f0f0f&#8221; caption_url=&#8221;&#8221; btntext=&#8221;Tabela nutricional&#8221; btnclr=&#8221;#909132&#8243; btnbg=&#8221;#ffffff&#8221;]<img loading=\"lazy\" decoding=\"async\" class=\"alignnone size-full wp-image-2812\" src=\"https:\/\/caseiroenatural.com.br\/web\/wp-content\/uploads\/2020\/01\/INFORMA\u00c7\u00d5ES-NUTRICIONAL-BISCOITO-INTEGRAL-GENGIBRE.jpg\" alt=\"\" width=\"648\" height=\"400\" srcset=\"https:\/\/caseiroenatural.com.br\/web\/wp-content\/uploads\/2020\/01\/INFORMA\u00c7\u00d5ES-NUTRICIONAL-BISCOITO-INTEGRAL-GENGIBRE.jpg 648w, https:\/\/caseiroenatural.com.br\/web\/wp-content\/uploads\/2020\/01\/INFORMA\u00c7\u00d5ES-NUTRICIONAL-BISCOITO-INTEGRAL-GENGIBRE-300x185.jpg 300w, https:\/\/caseiroenatural.com.br\/web\/wp-content\/uploads\/2020\/01\/INFORMA\u00c7\u00d5ES-NUTRICIONAL-BISCOITO-INTEGRAL-GENGIBRE-250x154.jpg 250w\" sizes=\"auto, (max-width: 648px) 100vw, 648px\" \/>[\/modal_popup_box][\/vc_column_inner][\/vc_row_inner][\/vc_column][\/vc_row][vc_row css=&#8221;.vc_custom_1542830242000{margin-bottom: 40px !important;border-top-width: 3px !important;border-right-width: 3px !important;border-bottom-width: 3px !important;border-left-width: 3px !important;padding-top: 15px !important;padding-right: 50px !important;padding-bottom: 15px !important;padding-left: 50px !important;background-color: #de9d95 !important;border-left-color: #ffffff !important;border-left-style: solid !important;border-right-color: #ffffff !important;border-right-style: solid !important;border-top-color: #ffffff !important;border-top-style: solid !important;border-bottom-color: #ffffff !important;border-bottom-style: solid !important;border-radius: 25px !important;}&#8221;][vc_column width=&#8221;1\/4&#8243;][vc_single_image image=&#8221;2175&#8243; img_size=&#8221;full&#8221; alignment=&#8221;center&#8221;][\/vc_column][vc_column width=&#8221;3\/4&#8243; css=&#8221;.vc_custom_1544462096901{margin-top: 20px !important;}&#8221;][vc_custom_heading text=&#8221;Biscoito Integral de Amendoim&#8221; font_container=&#8221;tag:h2|text_align:left|color:%233a231c&#8221; use_theme_fonts=&#8221;yes&#8221;][vc_column_text]Feito com uma maior concentra\u00e7\u00e3o de farinha de trigo integral, ado\u00e7ado com a\u00e7\u00facar mascavo e aromatizado naturalmente com a farinha de amendoim.[\/vc_column_text][vc_row_inner][vc_column_inner width=&#8221;1\/2&#8243;][vc_gallery type=&#8221;image_grid&#8221; images=&#8221;2058,2057,2172&#8243; img_size=&#8221;full&#8221; onclick=&#8221;&#8221;][\/vc_column_inner][vc_column_inner width=&#8221;1\/2&#8243; css=&#8221;.vc_custom_1542824668391{margin-top: -25px !important;margin-bottom: 20px !important;}&#8221;][modal_popup_box titletext=&#8221;&#8221; bodybg=&#8221;#0f0f0f&#8221; caption_url=&#8221;&#8221; btntext=&#8221;Tabela nutricional&#8221; btnclr=&#8221;#909132&#8243; btnbg=&#8221;#ffffff&#8221;]<img loading=\"lazy\" decoding=\"async\" class=\"alignnone size-full wp-image-2359\" src=\"https:\/\/caseiroenatural.com.br\/web\/wp-content\/uploads\/2019\/07\/INFORMA\u00c7\u00d5ES-NUTRICIONAL-BISCOITO-INTEGRAL-AMENDOIM.jpg\" alt=\"\" width=\"600\" height=\"377\" srcset=\"https:\/\/caseiroenatural.com.br\/web\/wp-content\/uploads\/2019\/07\/INFORMA\u00c7\u00d5ES-NUTRICIONAL-BISCOITO-INTEGRAL-AMENDOIM.jpg 600w, https:\/\/caseiroenatural.com.br\/web\/wp-content\/uploads\/2019\/07\/INFORMA\u00c7\u00d5ES-NUTRICIONAL-BISCOITO-INTEGRAL-AMENDOIM-300x189.jpg 300w\" sizes=\"auto, (max-width: 600px) 100vw, 600px\" \/>[\/modal_popup_box][\/vc_column_inner][\/vc_row_inner][\/vc_column][\/vc_row][vc_row css=&#8221;.vc_custom_1542830414696{margin-bottom: 40px !important;border-top-width: 3px !important;border-right-width: 3px !important;border-bottom-width: 3px !important;border-left-width: 3px !important;padding-top: 15px !important;padding-right: 50px !important;padding-bottom: 15px !important;padding-left: 50px !important;background-color: #fba5b7 !important;border-left-color: #ffffff !important;border-left-style: solid !important;border-right-color: #ffffff !important;border-right-style: solid !important;border-top-color: #ffffff !important;border-top-style: solid !important;border-bottom-color: #ffffff !important;border-bottom-style: solid !important;border-radius: 25px !important;}&#8221;][vc_column width=&#8221;1\/4&#8243;][vc_single_image image=&#8221;2176&#8243; img_size=&#8221;full&#8221; alignment=&#8221;center&#8221;][\/vc_column][vc_column width=&#8221;3\/4&#8243; css=&#8221;.vc_custom_1544462280350{margin-top: 20px !important;}&#8221;][vc_custom_heading text=&#8221;Bocadinho Recheado de Goiabada&#8221; font_container=&#8221;tag:h2|text_align:left|color:%233a231c&#8221; use_theme_fonts=&#8221;yes&#8221;][vc_column_text]Feito com uma maior concentra\u00e7\u00e3o de farinha de trigo integral\u00a0 e recheado com pedacinho de goiabada. Quando assado no forno a goiabada derreta escorrendo nas bordinhas. Por fora recebe uma camada de a\u00e7\u00facar mascavo salpicada ado\u00e7ando levemente.[\/vc_column_text][vc_row_inner][vc_column_inner width=&#8221;1\/2&#8243;][vc_gallery type=&#8221;image_grid&#8221; images=&#8221;2058,2057,2172&#8243; img_size=&#8221;full&#8221; onclick=&#8221;&#8221;][\/vc_column_inner][vc_column_inner width=&#8221;1\/2&#8243; css=&#8221;.vc_custom_1542824668391{margin-top: -25px !important;margin-bottom: 20px !important;}&#8221;][modal_popup_box titletext=&#8221;&#8221; bodybg=&#8221;#0f0f0f&#8221; caption_url=&#8221;&#8221; btntext=&#8221;Tabela nutricional&#8221; btnclr=&#8221;#909132&#8243; btnbg=&#8221;#ffffff&#8221;]<img loading=\"lazy\" decoding=\"async\" class=\"alignnone size-full wp-image-2804\" src=\"https:\/\/caseiroenatural.com.br\/web\/wp-content\/uploads\/2020\/01\/INFORMA\u00c7\u00d5ES-NUTRICIONAL-BOCADINHO-RECHEADO-GOIABADA.jpg\" alt=\"\" width=\"667\" height=\"400\" srcset=\"https:\/\/caseiroenatural.com.br\/web\/wp-content\/uploads\/2020\/01\/INFORMA\u00c7\u00d5ES-NUTRICIONAL-BOCADINHO-RECHEADO-GOIABADA.jpg 667w, https:\/\/caseiroenatural.com.br\/web\/wp-content\/uploads\/2020\/01\/INFORMA\u00c7\u00d5ES-NUTRICIONAL-BOCADINHO-RECHEADO-GOIABADA-300x180.jpg 300w, https:\/\/caseiroenatural.com.br\/web\/wp-content\/uploads\/2020\/01\/INFORMA\u00c7\u00d5ES-NUTRICIONAL-BOCADINHO-RECHEADO-GOIABADA-250x150.jpg 250w\" sizes=\"auto, (max-width: 667px) 100vw, 667px\" \/>[\/modal_popup_box][\/vc_column_inner][\/vc_row_inner][\/vc_column][\/vc_row]<\/p>\n","protected":false},"excerpt":{"rendered":"<p>[vc_row css=&#8221;.vc_custom_1541433153451{margin-top: 30px !important;}&#8221;][vc_column width=&#8221;2\/3&#8243;][vc_custom_heading text=&#8221;feitos com farinha integral e a\u00e7\u00facar mascavo&#8221; font_container=&#8221;tag:h2|text_align:left|color:%233a231c&#8221; use_theme_fonts=&#8221;yes&#8221;][vc_column_text]Deliciosos biscoitos doces, formando uma textura leve e macia com suave sabor natural. Cada sabor \u00e9 aromatizado naturalmente com os pr\u00f3prios ingredientes. Alimento 100% natural, livre de leite, ovos, derivados de animal, soja, conservante, aromatizante e corante.[\/vc_column_text][\/vc_column][vc_column width=&#8221;1\/3&#8243; css=&#8221;.vc_custom_1542825712675{margin-bottom: 40px !important;}&#8221;][vc_btn title=&#8221;Voltar para produtos&#8221; style=&#8221;outline&#8221; shape=&#8221;square&#8221; color=&#8221;theme_secondary_btn&#8221; size=&#8221;sm&#8221; align=&#8221;right&#8221; link=&#8221;url:http%3A%2F%2Fcaseiroenatural.com.br%2Fweb%2Fprodutos%2F|||&#8221;][\/vc_column][\/vc_row][vc_row css=&#8221;.vc_custom_1542829703588{margin-bottom: 40px !important;border-top-width: 3px !important;border-right-width: 3px !important;border-bottom-width: 3px !important;border-left-width: 3px !important;padding-top: 15px !important;padding-right: 50px !important;padding-bottom: 15px !important;padding-left: 50px !important;background-color: #cdb292 !important;border-left-color: #ffffff !important;border-left-style: solid !important;border-right-color: #ffffff !important;border-right-style: solid !important;border-top-color: #ffffff !important;border-top-style: solid !important;border-bottom-color: #ffffff !important;border-bottom-style: solid !important;border-radius: 25px !important;}&#8221; el_id=&#8221;Linha do produto&#8221;][vc_column width=&#8221;1\/4&#8243;][vc_single_image image=&#8221;2169&#8243; img_size=&#8221;full&#8221; alignment=&#8221;center&#8221;][\/vc_column][vc_column width=&#8221;3\/4&#8243; css=&#8221;.vc_custom_1544461774940{margin-top: 30px !important;}&#8221;][vc_custom_heading text=&#8221;Biscoito Integral Castanha do Par\u00e1&#8221; font_container=&#8221;tag:h2|text_align:left|color:%233a231c&#8221; use_theme_fonts=&#8221;yes&#8221;][vc_column_text]Feito com uma maior concentra\u00e7\u00e3o de farinha de trigo integral, ado\u00e7ado com a\u00e7\u00facar mascavo e aromatizado naturalmente com a farinha de castanha do Par\u00e1.[\/vc_column_text][vc_row_inner][vc_column_inner width=&#8221;1\/2&#8243;][vc_gallery type=&#8221;image_grid&#8221; images=&#8221;2058,2057,2172&#8243; img_size=&#8221;full&#8221; onclick=&#8221;&#8221;][\/vc_column_inner][vc_column_inner width=&#8221;1\/2&#8243; css=&#8221;.vc_custom_1542824668391{margin-top: -25px !important;margin-bottom: 20px !important;}&#8221;][modal_popup_box titletext=&#8221;&#8221; bodybg=&#8221;#0f0f0f&#8221; btntext=&#8221;Tabela nutricional&#8221; btnclr=&#8221;#909132&#8243; btnbg=&#8221;#ffffff&#8221;][\/modal_popup_box][\/vc_column_inner][\/vc_row_inner][\/vc_column][\/vc_row][vc_row css=&#8221;.vc_custom_1542829898124{margin-bottom: 40px !important;border-top-width: 3px !important;border-right-width: 3px !important;border-bottom-width: 3px !important;border-left-width: 3px !important;padding-top: 15px !important;padding-right: 50px !important;padding-bottom: 15px !important;padding-left: 50px !important;background-color: #d2a277 !important;border-left-color: #ffffff !important;border-left-style: solid !important;border-right-color: #ffffff !important;border-right-style: solid !important;border-top-color: #ffffff !important;border-top-style: solid !important;border-bottom-color: #ffffff !important;border-bottom-style: solid !important;border-radius: 25px !important;}&#8221;][vc_column width=&#8221;1\/4&#8243;][vc_single_image image=&#8221;2171&#8243; img_size=&#8221;full&#8221; alignment=&#8221;center&#8221;][\/vc_column][vc_column width=&#8221;3\/4&#8243; css=&#8221;.vc_custom_1544461798382{margin-top: 30px !important;}&#8221;][vc_custom_heading text=&#8221;Biscoito Integral de Coco&#8221; font_container=&#8221;tag:h2|text_align:left|color:%233a231c&#8221; use_theme_fonts=&#8221;yes&#8221;][vc_column_text]Feito com uma maior concentra\u00e7\u00e3o de farinha de trigo integral, ado\u00e7ado com a\u00e7\u00facar mascavo e aromatizado naturalmente com a farinha de coco fresco.[\/vc_column_text][vc_row_inner][vc_column_inner width=&#8221;1\/2&#8243;][vc_gallery type=&#8221;image_grid&#8221; images=&#8221;2058,2057,2172&#8243; img_size=&#8221;full&#8221; onclick=&#8221;&#8221;][\/vc_column_inner][vc_column_inner width=&#8221;1\/2&#8243; css=&#8221;.vc_custom_1542824668391{margin-top: -25px !important;margin-bottom: 20px !important;}&#8221;][modal_popup_box titletext=&#8221;&#8221; bodybg=&#8221;#0f0f0f&#8221; caption_url=&#8221;&#8221; btntext=&#8221;Tabela nutricional&#8221; btnclr=&#8221;#909132&#8243; btnbg=&#8221;#ffffff&#8221;][\/modal_popup_box][\/vc_column_inner][\/vc_row_inner][\/vc_column][\/vc_row][vc_row css=&#8221;.vc_custom_1542830093301{margin-bottom: 40px !important;border-top-width: 3px !important;border-right-width: 3px !important;border-bottom-width: 3px !important;border-left-width: 3px !important;padding-top: 15px !important;padding-right: 50px !important;padding-bottom: 15px !important;padding-left: 50px !important;background-color: #e0be7b !important;border-left-color: #ffffff !important;border-left-style: solid !important;border-right-color: #ffffff !important;border-right-style: solid !important;border-top-color: #ffffff !important;border-top-style: solid !important;border-bottom-color: #ffffff !important;border-bottom-style: solid !important;border-radius: 25px !important;}&#8221;][vc_column width=&#8221;1\/4&#8243;][vc_single_image image=&#8221;2173&#8243; img_size=&#8221;full&#8221; alignment=&#8221;center&#8221;][\/vc_column][vc_column width=&#8221;3\/4&#8243; css=&#8221;.vc_custom_1544462013432{margin-top: 20px !important;}&#8221;][vc_custom_heading text=&#8221;Biscoito Integral de Gengibre&#8221; font_container=&#8221;tag:h2|text_align:left|color:%233a231c&#8221; use_theme_fonts=&#8221;yes&#8221;][vc_column_text]Feito com uma maior concentra\u00e7\u00e3o de farinha de trigo integral, ado\u00e7ado com a\u00e7\u00facar mascavo e aromatizado naturalmente com a raiz do gengibre ralado.[\/vc_column_text][vc_row_inner][vc_column_inner width=&#8221;1\/2&#8243;][vc_gallery type=&#8221;image_grid&#8221; images=&#8221;2058,2057,2172&#8243; img_size=&#8221;full&#8221; onclick=&#8221;&#8221;][\/vc_column_inner][vc_column_inner width=&#8221;1\/2&#8243;][modal_popup_box titletext=&#8221;&#8221; bodybg=&#8221;#0f0f0f&#8221; caption_url=&#8221;&#8221; btntext=&#8221;Tabela nutricional&#8221; btnclr=&#8221;#909132&#8243; btnbg=&#8221;#ffffff&#8221;][\/modal_popup_box][\/vc_column_inner][\/vc_row_inner][\/vc_column][\/vc_row][vc_row css=&#8221;.vc_custom_1542830242000{margin-bottom: 40px !important;border-top-width: 3px !important;border-right-width: 3px !important;border-bottom-width: 3px !important;border-left-width: 3px !important;padding-top: 15px !important;padding-right: 50px !important;padding-bottom: 15px !important;padding-left: 50px !important;background-color: #de9d95 !important;border-left-color: #ffffff !important;border-left-style: solid !important;border-right-color: #ffffff !important;border-right-style: solid !important;border-top-color: #ffffff !important;border-top-style: solid !important;border-bottom-color: #ffffff !important;border-bottom-style: solid !important;border-radius: 25px !important;}&#8221;][vc_column width=&#8221;1\/4&#8243;][vc_single_image image=&#8221;2175&#8243; img_size=&#8221;full&#8221; alignment=&#8221;center&#8221;][\/vc_column][vc_column width=&#8221;3\/4&#8243; css=&#8221;.vc_custom_1544462096901{margin-top: 20px !important;}&#8221;][vc_custom_heading text=&#8221;Biscoito Integral de Amendoim&#8221; font_container=&#8221;tag:h2|text_align:left|color:%233a231c&#8221; use_theme_fonts=&#8221;yes&#8221;][vc_column_text]Feito com uma maior concentra\u00e7\u00e3o de farinha de trigo integral, ado\u00e7ado com a\u00e7\u00facar mascavo e aromatizado naturalmente com a farinha de amendoim.[\/vc_column_text][vc_row_inner][vc_column_inner width=&#8221;1\/2&#8243;][vc_gallery type=&#8221;image_grid&#8221; images=&#8221;2058,2057,2172&#8243; img_size=&#8221;full&#8221; onclick=&#8221;&#8221;][\/vc_column_inner][vc_column_inner width=&#8221;1\/2&#8243; css=&#8221;.vc_custom_1542824668391{margin-top: -25px !important;margin-bottom: 20px !important;}&#8221;][modal_popup_box titletext=&#8221;&#8221; bodybg=&#8221;#0f0f0f&#8221; caption_url=&#8221;&#8221; btntext=&#8221;Tabela nutricional&#8221; btnclr=&#8221;#909132&#8243; btnbg=&#8221;#ffffff&#8221;][\/modal_popup_box][\/vc_column_inner][\/vc_row_inner][\/vc_column][\/vc_row][vc_row css=&#8221;.vc_custom_1542830414696{margin-bottom: 40px !important;border-top-width: 3px !important;border-right-width: 3px !important;border-bottom-width: 3px !important;border-left-width: 3px !important;padding-top: 15px !important;padding-right: 50px !important;padding-bottom: 15px !important;padding-left: 50px !important;background-color: #fba5b7 !important;border-left-color: #ffffff !important;border-left-style: solid !important;border-right-color: #ffffff !important;border-right-style: solid !important;border-top-color: #ffffff !important;border-top-style: solid !important;border-bottom-color: #ffffff !important;border-bottom-style: solid !important;border-radius: 25px !important;}&#8221;][vc_column width=&#8221;1\/4&#8243;][vc_single_image image=&#8221;2176&#8243; img_size=&#8221;full&#8221; alignment=&#8221;center&#8221;][\/vc_column][vc_column width=&#8221;3\/4&#8243; css=&#8221;.vc_custom_1544462280350{margin-top: 20px !important;}&#8221;][vc_custom_heading text=&#8221;Bocadinho Recheado de Goiabada&#8221; font_container=&#8221;tag:h2|text_align:left|color:%233a231c&#8221; use_theme_fonts=&#8221;yes&#8221;][vc_column_text]Feito com uma maior concentra\u00e7\u00e3o de farinha de trigo integral\u00a0 e recheado com pedacinho de goiabada. Quando assado no forno a goiabada derreta escorrendo nas bordinhas. Por fora recebe uma camada de a\u00e7\u00facar mascavo salpicada [&hellip;]<\/p>\n","protected":false},"author":1,"featured_media":0,"parent":1880,"menu_order":0,"comment_status":"closed","ping_status":"closed","template":"","meta":{"footnotes":""},"class_list":["post-2127","page","type-page","status-publish","hentry"],"_links":{"self":[{"href":"https:\/\/caseiroenatural.com.br\/web\/wp-json\/wp\/v2\/pages\/2127","targetHints":{"allow":["GET"]}}],"collection":[{"href":"https:\/\/caseiroenatural.com.br\/web\/wp-json\/wp\/v2\/pages"}],"about":[{"href":"https:\/\/caseiroenatural.com.br\/web\/wp-json\/wp\/v2\/types\/page"}],"author":[{"embeddable":true,"href":"https:\/\/caseiroenatural.com.br\/web\/wp-json\/wp\/v2\/users\/1"}],"replies":[{"embeddable":true,"href":"https:\/\/caseiroenatural.com.br\/web\/wp-json\/wp\/v2\/comments?post=2127"}],"version-history":[{"count":4,"href":"https:\/\/caseiroenatural.com.br\/web\/wp-json\/wp\/v2\/pages\/2127\/revisions"}],"predecessor-version":[{"id":3934,"href":"https:\/\/caseiroenatural.com.br\/web\/wp-json\/wp\/v2\/pages\/2127\/revisions\/3934"}],"up":[{"embeddable":true,"href":"https:\/\/caseiroenatural.com.br\/web\/wp-json\/wp\/v2\/pages\/1880"}],"wp:attachment":[{"href":"https:\/\/caseiroenatural.com.br\/web\/wp-json\/wp\/v2\/media?parent=2127"}],"curies":[{"name":"wp","href":"https:\/\/api.w.org\/{rel}","templated":true}]}}