{"id":2116,"date":"2018-11-21T17:33:10","date_gmt":"2018-11-21T19:33:10","guid":{"rendered":"http:\/\/caseiroenatural.com.br\/web\/?page_id=2116"},"modified":"2025-02-12T14:52:44","modified_gmt":"2025-02-12T17:52:44","slug":"biscoitos-salgados-veganos","status":"publish","type":"page","link":"https:\/\/caseiroenatural.com.br\/web\/produtos\/biscoitos-salgados-veganos\/","title":{"rendered":"Biscoitos Salgados Veganos"},"content":{"rendered":"<p>[vc_row css=&#8221;.vc_custom_1541433153451{margin-top: 30px !important;}&#8221;][vc_column width=&#8221;2\/3&#8243;][vc_custom_heading text=&#8221;integrais e levemente salgadinhos&#8221; font_container=&#8221;tag:h2|text_align:left|color:%233a231c&#8221; use_theme_fonts=&#8221;yes&#8221;][vc_column_text]Crocantes integrais e levemente salgadinhos com sal marinho e ricos em fibras. Recebem o toque de sementes selecionadas para dar o aroma final. Fabricados com fermenta\u00e7\u00e3o natural e baixo teor de gordura. Alimento 100% natural, livre de leite, ovos, derivados de animal, soja, conservante, aromatizante e corante.[\/vc_column_text][\/vc_column][vc_column width=&#8221;1\/3&#8243; css=&#8221;.vc_custom_1542825712675{margin-bottom: 40px !important;}&#8221;][vc_btn title=&#8221;Voltar para produtos&#8221; style=&#8221;outline&#8221; shape=&#8221;square&#8221; color=&#8221;theme_secondary_btn&#8221; size=&#8221;sm&#8221; align=&#8221;right&#8221; link=&#8221;url:http%3A%2F%2Fcaseiroenatural.com.br%2Fweb%2Fprodutos%2F|||&#8221;][\/vc_column][\/vc_row][vc_row css=&#8221;.vc_custom_1542828270345{margin-bottom: 40px !important;border-top-width: 3px !important;border-right-width: 3px !important;border-bottom-width: 3px !important;border-left-width: 3px !important;padding-top: 15px !important;padding-right: 50px !important;padding-bottom: 15px !important;padding-left: 50px !important;background-color: #cd9772 !important;border-left-color: #ffffff !important;border-left-style: solid !important;border-right-color: #ffffff !important;border-right-style: solid !important;border-top-color: #ffffff !important;border-top-style: solid !important;border-bottom-color: #ffffff !important;border-bottom-style: solid !important;border-radius: 25px !important;}&#8221; el_id=&#8221;Linha do produto&#8221;][vc_column width=&#8221;1\/4&#8243;][vc_single_image image=&#8221;2183&#8243; img_size=&#8221;full&#8221; alignment=&#8221;center&#8221;][\/vc_column][vc_column width=&#8221;3\/4&#8243; css=&#8221;.vc_custom_1544462911066{margin-top: 20px !important;}&#8221;][vc_custom_heading text=&#8221;Crocante de Linha\u00e7a&#8221; font_container=&#8221;tag:h2|text_align:left|color:%233a231c&#8221; use_theme_fonts=&#8221;yes&#8221;][vc_column_text]Massa integral, crocante e salgadinha com muitas sementinhas de linha\u00e7a marrom para aromatizar naturalmente. Alimento 100% natural, livre de leite, ovos, derivados de animal, soja, conservante, aromatizante e corante.[\/vc_column_text][vc_row_inner][vc_column_inner width=&#8221;1\/2&#8243;][vc_gallery type=&#8221;image_grid&#8221; images=&#8221;2058,2057,2172&#8243; img_size=&#8221;full&#8221; onclick=&#8221;&#8221;][\/vc_column_inner][vc_column_inner width=&#8221;1\/2&#8243; css=&#8221;.vc_custom_1542824668391{margin-top: -25px !important;margin-bottom: 20px !important;}&#8221;][modal_popup_box titletext=&#8221;&#8221; bodybg=&#8221;#0f0f0f&#8221; btntext=&#8221;Tabela nutricional&#8221; btnclr=&#8221;#909132&#8243; btnbg=&#8221;#ffffff&#8221;]<img loading=\"lazy\" decoding=\"async\" class=\"alignnone size-full wp-image-2796\" src=\"https:\/\/caseiroenatural.com.br\/web\/wp-content\/uploads\/2020\/01\/INFORMA\u00c7\u00d5ES-NUTRICIONAL-CROCANTE-DE-LINHA\u00c7A-2.jpg\" alt=\"\" width=\"864\" height=\"400\" srcset=\"https:\/\/caseiroenatural.com.br\/web\/wp-content\/uploads\/2020\/01\/INFORMA\u00c7\u00d5ES-NUTRICIONAL-CROCANTE-DE-LINHA\u00c7A-2.jpg 864w, https:\/\/caseiroenatural.com.br\/web\/wp-content\/uploads\/2020\/01\/INFORMA\u00c7\u00d5ES-NUTRICIONAL-CROCANTE-DE-LINHA\u00c7A-2-300x139.jpg 300w, https:\/\/caseiroenatural.com.br\/web\/wp-content\/uploads\/2020\/01\/INFORMA\u00c7\u00d5ES-NUTRICIONAL-CROCANTE-DE-LINHA\u00c7A-2-768x356.jpg 768w, https:\/\/caseiroenatural.com.br\/web\/wp-content\/uploads\/2020\/01\/INFORMA\u00c7\u00d5ES-NUTRICIONAL-CROCANTE-DE-LINHA\u00c7A-2-250x116.jpg 250w\" sizes=\"auto, (max-width: 864px) 100vw, 864px\" \/>[\/modal_popup_box][\/vc_column_inner][\/vc_row_inner][\/vc_column][\/vc_row][vc_row css=&#8221;.vc_custom_1574100966106{margin-bottom: 40px !important;border-top-width: 3px !important;border-right-width: 3px !important;border-bottom-width: 3px !important;border-left-width: 3px !important;padding-top: 15px !important;padding-right: 50px !important;padding-bottom: 15px !important;padding-left: 50px !important;background-color: #a1cad1 !important;border-left-color: #ffffff !important;border-left-style: solid !important;border-right-color: #ffffff !important;border-right-style: solid !important;border-top-color: #ffffff !important;border-top-style: solid !important;border-bottom-color: #ffffff !important;border-bottom-style: solid !important;border-radius: 25px !important;}&#8221;][vc_column width=&#8221;1\/4&#8243;][vc_single_image image=&#8221;2540&#8243; img_size=&#8221;full&#8221; alignment=&#8221;center&#8221;][\/vc_column][vc_column width=&#8221;3\/4&#8243; css=&#8221;.vc_custom_1544462911066{margin-top: 20px !important;}&#8221;][vc_custom_heading text=&#8221;Integrato Multigra\u0303os&#8221; font_container=&#8221;tag:h2|text_align:left|color:%233a231c&#8221; use_theme_fonts=&#8221;yes&#8221;][vc_column_text]Massa 100% de farinha de trigo integral, super crocante e salgadinha com muitas sementes de chia, linha\u00e7a e gergelim para aromatizar naturalmente. Recebe o toque final de tempero Chimichurri. Alimento 100% natural, livre de leite, ovos, derivados de animal, soja, conservante, aromatizante e corante.[\/vc_column_text][vc_row_inner][vc_column_inner width=&#8221;1\/2&#8243;][vc_gallery type=&#8221;image_grid&#8221; images=&#8221;2058,2057,2172&#8243; img_size=&#8221;full&#8221; onclick=&#8221;&#8221;][\/vc_column_inner][vc_column_inner width=&#8221;1\/2&#8243;][modal_popup_box titletext=&#8221;&#8221; bodybg=&#8221;#0f0f0f&#8221; btntext=&#8221;Tabela nutricional&#8221; btnclr=&#8221;#909132&#8243; btnbg=&#8221;#ffffff&#8221;]<img loading=\"lazy\" decoding=\"async\" class=\"alignnone size-full wp-image-2541\" src=\"https:\/\/caseiroenatural.com.br\/web\/wp-content\/uploads\/2019\/11\/NUTRICIONAL-INTEGRATO-MULTIGR\u00c3OS-2.jpg\" alt=\"\" width=\"860\" height=\"440\" srcset=\"https:\/\/caseiroenatural.com.br\/web\/wp-content\/uploads\/2019\/11\/NUTRICIONAL-INTEGRATO-MULTIGR\u00c3OS-2.jpg 860w, https:\/\/caseiroenatural.com.br\/web\/wp-content\/uploads\/2019\/11\/NUTRICIONAL-INTEGRATO-MULTIGR\u00c3OS-2-300x153.jpg 300w, https:\/\/caseiroenatural.com.br\/web\/wp-content\/uploads\/2019\/11\/NUTRICIONAL-INTEGRATO-MULTIGR\u00c3OS-2-768x393.jpg 768w, https:\/\/caseiroenatural.com.br\/web\/wp-content\/uploads\/2019\/11\/NUTRICIONAL-INTEGRATO-MULTIGR\u00c3OS-2-250x128.jpg 250w\" sizes=\"auto, (max-width: 860px) 100vw, 860px\" \/>[\/modal_popup_box][\/vc_column_inner][\/vc_row_inner][\/vc_column][\/vc_row][vc_row css=&#8221;.vc_custom_1542828490795{margin-bottom: 40px !important;border-top-width: 3px !important;border-right-width: 3px !important;border-bottom-width: 3px !important;border-left-width: 3px !important;padding-top: 15px !important;padding-right: 50px !important;padding-bottom: 15px !important;padding-left: 50px !important;background-color: #ad9cbd !important;border-left-color: #ffffff !important;border-left-style: solid !important;border-right-color: #ffffff !important;border-right-style: solid !important;border-top-color: #ffffff !important;border-top-style: solid !important;border-bottom-color: #ffffff !important;border-bottom-style: solid !important;border-radius: 25px !important;}&#8221;][vc_column width=&#8221;1\/4&#8243;][vc_single_image image=&#8221;2184&#8243; img_size=&#8221;full&#8221; alignment=&#8221;center&#8221;][\/vc_column][vc_column width=&#8221;3\/4&#8243; css=&#8221;.vc_custom_1544462903085{margin-top: 20px !important;}&#8221;][vc_custom_heading text=&#8221;Crocante de Chia&#8221; font_container=&#8221;tag:h2|text_align:left|color:%233a231c&#8221; use_theme_fonts=&#8221;yes&#8221;][vc_column_text]Massa integral, crocante e salgadinha com muitas sementinhas de chia para aromatizar naturalmente. Alimento 100% natural, livre de leite, ovos, derivados de animal, soja, conservante, aromatizante e corante.[\/vc_column_text][vc_row_inner][vc_column_inner width=&#8221;1\/2&#8243;][vc_gallery type=&#8221;image_grid&#8221; images=&#8221;2058,2057,2172&#8243; img_size=&#8221;full&#8221; onclick=&#8221;&#8221;][\/vc_column_inner][vc_column_inner width=&#8221;1\/2&#8243;][modal_popup_box titletext=&#8221;&#8221; bodybg=&#8221;#0f0f0f&#8221; btntext=&#8221;Tabela nutricional&#8221; btnclr=&#8221;#909132&#8243; btnbg=&#8221;#ffffff&#8221;]<img loading=\"lazy\" decoding=\"async\" class=\"alignnone size-full wp-image-2799\" src=\"https:\/\/caseiroenatural.com.br\/web\/wp-content\/uploads\/2020\/01\/INFORMA\u00c7\u00d5ES-NUTRICIONAIS-CROCANTE-DE-CHIA.jpg\" alt=\"\" width=\"508\" height=\"400\" srcset=\"https:\/\/caseiroenatural.com.br\/web\/wp-content\/uploads\/2020\/01\/INFORMA\u00c7\u00d5ES-NUTRICIONAIS-CROCANTE-DE-CHIA.jpg 508w, https:\/\/caseiroenatural.com.br\/web\/wp-content\/uploads\/2020\/01\/INFORMA\u00c7\u00d5ES-NUTRICIONAIS-CROCANTE-DE-CHIA-300x236.jpg 300w, https:\/\/caseiroenatural.com.br\/web\/wp-content\/uploads\/2020\/01\/INFORMA\u00c7\u00d5ES-NUTRICIONAIS-CROCANTE-DE-CHIA-250x197.jpg 250w\" sizes=\"auto, (max-width: 508px) 100vw, 508px\" \/>[\/modal_popup_box][\/vc_column_inner][\/vc_row_inner][\/vc_column][\/vc_row][vc_row css=&#8221;.vc_custom_1542828679564{margin-bottom: 40px !important;border-top-width: 3px !important;border-right-width: 3px !important;border-bottom-width: 3px !important;border-left-width: 3px !important;padding-top: 15px !important;padding-right: 50px !important;padding-bottom: 15px !important;padding-left: 50px !important;background-color: #b7bc72 !important;border-left-color: #ffffff !important;border-left-style: solid !important;border-right-color: #ffffff !important;border-right-style: solid !important;border-top-color: #ffffff !important;border-top-style: solid !important;border-bottom-color: #ffffff !important;border-bottom-style: solid !important;border-radius: 25px !important;}&#8221;][vc_column width=&#8221;1\/4&#8243;][vc_single_image image=&#8221;2185&#8243; img_size=&#8221;full&#8221; alignment=&#8221;center&#8221;][\/vc_column][vc_column width=&#8221;3\/4&#8243; css=&#8221;.vc_custom_1544462895289{margin-top: 20px !important;}&#8221;][vc_custom_heading text=&#8221;Crocante de Gergelim&#8221; font_container=&#8221;tag:h2|text_align:left|color:%233a231c&#8221; use_theme_fonts=&#8221;yes&#8221;][vc_column_text]Massa integral, crocante e salgadinha com muitas sementinhas de gergelim com casca para aromatizar naturalmente. Alimento 100% natural, livre de leite, ovos, derivados de animal, soja, conservante, aromatizante e corante.[\/vc_column_text][vc_row_inner][vc_column_inner width=&#8221;1\/2&#8243;][vc_gallery type=&#8221;image_grid&#8221; images=&#8221;2058,2057,2172&#8243; img_size=&#8221;full&#8221; onclick=&#8221;&#8221;][\/vc_column_inner][vc_column_inner width=&#8221;1\/2&#8243;][modal_popup_box titletext=&#8221;&#8221; bodybg=&#8221;#0f0f0f&#8221; btntext=&#8221;Tabela nutricional&#8221; btnclr=&#8221;#909132&#8243; btnbg=&#8221;#ffffff&#8221;]<img loading=\"lazy\" decoding=\"async\" class=\"alignnone size-full wp-image-2794\" src=\"https:\/\/caseiroenatural.com.br\/web\/wp-content\/uploads\/2020\/01\/INFORMA\u00c7\u00d5ES-NUTRICIONAL-CROCANTE-DE-GERGELIM.jpg\" alt=\"\" width=\"638\" height=\"400\" srcset=\"https:\/\/caseiroenatural.com.br\/web\/wp-content\/uploads\/2020\/01\/INFORMA\u00c7\u00d5ES-NUTRICIONAL-CROCANTE-DE-GERGELIM.jpg 638w, https:\/\/caseiroenatural.com.br\/web\/wp-content\/uploads\/2020\/01\/INFORMA\u00c7\u00d5ES-NUTRICIONAL-CROCANTE-DE-GERGELIM-300x188.jpg 300w, https:\/\/caseiroenatural.com.br\/web\/wp-content\/uploads\/2020\/01\/INFORMA\u00c7\u00d5ES-NUTRICIONAL-CROCANTE-DE-GERGELIM-250x157.jpg 250w\" sizes=\"auto, (max-width: 638px) 100vw, 638px\" \/>[\/modal_popup_box][\/vc_column_inner][\/vc_row_inner][\/vc_column][\/vc_row][vc_row][vc_column][vc_empty_space height=&#8221;20px&#8221;][\/vc_column][\/vc_row]<\/p>\n","protected":false},"excerpt":{"rendered":"<p>[vc_row css=&#8221;.vc_custom_1541433153451{margin-top: 30px !important;}&#8221;][vc_column width=&#8221;2\/3&#8243;][vc_custom_heading text=&#8221;integrais e levemente salgadinhos&#8221; font_container=&#8221;tag:h2|text_align:left|color:%233a231c&#8221; use_theme_fonts=&#8221;yes&#8221;][vc_column_text]Crocantes integrais e levemente salgadinhos com sal marinho e ricos em fibras. Recebem o toque de sementes selecionadas para dar o aroma final. Fabricados com fermenta\u00e7\u00e3o natural e baixo teor de gordura. Alimento 100% natural, livre de leite, ovos, derivados de animal, soja, conservante, aromatizante e corante.[\/vc_column_text][\/vc_column][vc_column width=&#8221;1\/3&#8243; css=&#8221;.vc_custom_1542825712675{margin-bottom: 40px !important;}&#8221;][vc_btn title=&#8221;Voltar para produtos&#8221; style=&#8221;outline&#8221; shape=&#8221;square&#8221; color=&#8221;theme_secondary_btn&#8221; size=&#8221;sm&#8221; align=&#8221;right&#8221; link=&#8221;url:http%3A%2F%2Fcaseiroenatural.com.br%2Fweb%2Fprodutos%2F|||&#8221;][\/vc_column][\/vc_row][vc_row css=&#8221;.vc_custom_1542828270345{margin-bottom: 40px !important;border-top-width: 3px !important;border-right-width: 3px !important;border-bottom-width: 3px !important;border-left-width: 3px !important;padding-top: 15px !important;padding-right: 50px !important;padding-bottom: 15px !important;padding-left: 50px !important;background-color: #cd9772 !important;border-left-color: #ffffff !important;border-left-style: solid !important;border-right-color: #ffffff !important;border-right-style: solid !important;border-top-color: #ffffff !important;border-top-style: solid !important;border-bottom-color: #ffffff !important;border-bottom-style: solid !important;border-radius: 25px !important;}&#8221; el_id=&#8221;Linha do produto&#8221;][vc_column width=&#8221;1\/4&#8243;][vc_single_image image=&#8221;2183&#8243; img_size=&#8221;full&#8221; alignment=&#8221;center&#8221;][\/vc_column][vc_column width=&#8221;3\/4&#8243; css=&#8221;.vc_custom_1544462911066{margin-top: 20px !important;}&#8221;][vc_custom_heading text=&#8221;Crocante de Linha\u00e7a&#8221; font_container=&#8221;tag:h2|text_align:left|color:%233a231c&#8221; use_theme_fonts=&#8221;yes&#8221;][vc_column_text]Massa integral, crocante e salgadinha com muitas sementinhas de linha\u00e7a marrom para aromatizar naturalmente. Alimento 100% natural, livre de leite, ovos, derivados de animal, soja, conservante, aromatizante e corante.[\/vc_column_text][vc_row_inner][vc_column_inner width=&#8221;1\/2&#8243;][vc_gallery type=&#8221;image_grid&#8221; images=&#8221;2058,2057,2172&#8243; img_size=&#8221;full&#8221; onclick=&#8221;&#8221;][\/vc_column_inner][vc_column_inner width=&#8221;1\/2&#8243; css=&#8221;.vc_custom_1542824668391{margin-top: -25px !important;margin-bottom: 20px !important;}&#8221;][modal_popup_box titletext=&#8221;&#8221; bodybg=&#8221;#0f0f0f&#8221; btntext=&#8221;Tabela nutricional&#8221; btnclr=&#8221;#909132&#8243; btnbg=&#8221;#ffffff&#8221;][\/modal_popup_box][\/vc_column_inner][\/vc_row_inner][\/vc_column][\/vc_row][vc_row css=&#8221;.vc_custom_1574100966106{margin-bottom: 40px !important;border-top-width: 3px !important;border-right-width: 3px !important;border-bottom-width: 3px !important;border-left-width: 3px !important;padding-top: 15px !important;padding-right: 50px !important;padding-bottom: 15px !important;padding-left: 50px !important;background-color: #a1cad1 !important;border-left-color: #ffffff !important;border-left-style: solid !important;border-right-color: #ffffff !important;border-right-style: solid !important;border-top-color: #ffffff !important;border-top-style: solid !important;border-bottom-color: #ffffff !important;border-bottom-style: solid !important;border-radius: 25px !important;}&#8221;][vc_column width=&#8221;1\/4&#8243;][vc_single_image image=&#8221;2540&#8243; img_size=&#8221;full&#8221; alignment=&#8221;center&#8221;][\/vc_column][vc_column width=&#8221;3\/4&#8243; css=&#8221;.vc_custom_1544462911066{margin-top: 20px !important;}&#8221;][vc_custom_heading text=&#8221;Integrato Multigra\u0303os&#8221; font_container=&#8221;tag:h2|text_align:left|color:%233a231c&#8221; use_theme_fonts=&#8221;yes&#8221;][vc_column_text]Massa 100% de farinha de trigo integral, super crocante e salgadinha com muitas sementes de chia, linha\u00e7a e gergelim para aromatizar naturalmente. Recebe o toque final de tempero Chimichurri. Alimento 100% natural, livre de leite, ovos, derivados de animal, soja, conservante, aromatizante e corante.[\/vc_column_text][vc_row_inner][vc_column_inner width=&#8221;1\/2&#8243;][vc_gallery type=&#8221;image_grid&#8221; images=&#8221;2058,2057,2172&#8243; img_size=&#8221;full&#8221; onclick=&#8221;&#8221;][\/vc_column_inner][vc_column_inner width=&#8221;1\/2&#8243;][modal_popup_box titletext=&#8221;&#8221; bodybg=&#8221;#0f0f0f&#8221; btntext=&#8221;Tabela nutricional&#8221; btnclr=&#8221;#909132&#8243; btnbg=&#8221;#ffffff&#8221;][\/modal_popup_box][\/vc_column_inner][\/vc_row_inner][\/vc_column][\/vc_row][vc_row css=&#8221;.vc_custom_1542828490795{margin-bottom: 40px !important;border-top-width: 3px !important;border-right-width: 3px !important;border-bottom-width: 3px !important;border-left-width: 3px !important;padding-top: 15px !important;padding-right: 50px !important;padding-bottom: 15px !important;padding-left: 50px !important;background-color: #ad9cbd !important;border-left-color: #ffffff !important;border-left-style: solid !important;border-right-color: #ffffff !important;border-right-style: solid !important;border-top-color: #ffffff !important;border-top-style: solid !important;border-bottom-color: #ffffff !important;border-bottom-style: solid !important;border-radius: 25px !important;}&#8221;][vc_column width=&#8221;1\/4&#8243;][vc_single_image image=&#8221;2184&#8243; img_size=&#8221;full&#8221; alignment=&#8221;center&#8221;][\/vc_column][vc_column width=&#8221;3\/4&#8243; css=&#8221;.vc_custom_1544462903085{margin-top: 20px !important;}&#8221;][vc_custom_heading text=&#8221;Crocante de Chia&#8221; font_container=&#8221;tag:h2|text_align:left|color:%233a231c&#8221; use_theme_fonts=&#8221;yes&#8221;][vc_column_text]Massa integral, crocante e salgadinha com muitas sementinhas de chia para aromatizar naturalmente. Alimento 100% natural, livre de leite, ovos, derivados de animal, soja, conservante, aromatizante e corante.[\/vc_column_text][vc_row_inner][vc_column_inner width=&#8221;1\/2&#8243;][vc_gallery type=&#8221;image_grid&#8221; images=&#8221;2058,2057,2172&#8243; img_size=&#8221;full&#8221; onclick=&#8221;&#8221;][\/vc_column_inner][vc_column_inner width=&#8221;1\/2&#8243;][modal_popup_box titletext=&#8221;&#8221; bodybg=&#8221;#0f0f0f&#8221; btntext=&#8221;Tabela nutricional&#8221; btnclr=&#8221;#909132&#8243; btnbg=&#8221;#ffffff&#8221;][\/modal_popup_box][\/vc_column_inner][\/vc_row_inner][\/vc_column][\/vc_row][vc_row css=&#8221;.vc_custom_1542828679564{margin-bottom: 40px !important;border-top-width: 3px !important;border-right-width: 3px !important;border-bottom-width: 3px !important;border-left-width: 3px !important;padding-top: 15px !important;padding-right: 50px !important;padding-bottom: 15px !important;padding-left: 50px !important;background-color: #b7bc72 !important;border-left-color: #ffffff !important;border-left-style: solid !important;border-right-color: #ffffff !important;border-right-style: solid !important;border-top-color: #ffffff !important;border-top-style: solid !important;border-bottom-color: #ffffff !important;border-bottom-style: solid !important;border-radius: 25px !important;}&#8221;][vc_column width=&#8221;1\/4&#8243;][vc_single_image image=&#8221;2185&#8243; img_size=&#8221;full&#8221; alignment=&#8221;center&#8221;][\/vc_column][vc_column width=&#8221;3\/4&#8243; css=&#8221;.vc_custom_1544462895289{margin-top: 20px !important;}&#8221;][vc_custom_heading text=&#8221;Crocante de Gergelim&#8221; font_container=&#8221;tag:h2|text_align:left|color:%233a231c&#8221; use_theme_fonts=&#8221;yes&#8221;][vc_column_text]Massa integral, crocante e salgadinha com muitas sementinhas de gergelim com casca para aromatizar naturalmente. Alimento 100% natural, livre de leite, ovos, derivados de animal, soja, conservante, aromatizante e corante.[\/vc_column_text][vc_row_inner][vc_column_inner width=&#8221;1\/2&#8243;][vc_gallery type=&#8221;image_grid&#8221; images=&#8221;2058,2057,2172&#8243; img_size=&#8221;full&#8221; onclick=&#8221;&#8221;][\/vc_column_inner][vc_column_inner width=&#8221;1\/2&#8243;][modal_popup_box titletext=&#8221;&#8221; bodybg=&#8221;#0f0f0f&#8221; btntext=&#8221;Tabela nutricional&#8221; btnclr=&#8221;#909132&#8243; btnbg=&#8221;#ffffff&#8221;][\/modal_popup_box][\/vc_column_inner][\/vc_row_inner][\/vc_column][\/vc_row][vc_row][vc_column][vc_empty_space height=&#8221;20px&#8221;][\/vc_column][\/vc_row]<\/p>\n","protected":false},"author":1,"featured_media":0,"parent":1880,"menu_order":0,"comment_status":"closed","ping_status":"closed","template":"","meta":{"footnotes":""},"class_list":["post-2116","page","type-page","status-publish","hentry"],"_links":{"self":[{"href":"https:\/\/caseiroenatural.com.br\/web\/wp-json\/wp\/v2\/pages\/2116","targetHints":{"allow":["GET"]}}],"collection":[{"href":"https:\/\/caseiroenatural.com.br\/web\/wp-json\/wp\/v2\/pages"}],"about":[{"href":"https:\/\/caseiroenatural.com.br\/web\/wp-json\/wp\/v2\/types\/page"}],"author":[{"embeddable":true,"href":"https:\/\/caseiroenatural.com.br\/web\/wp-json\/wp\/v2\/users\/1"}],"replies":[{"embeddable":true,"href":"https:\/\/caseiroenatural.com.br\/web\/wp-json\/wp\/v2\/comments?post=2116"}],"version-history":[{"count":6,"href":"https:\/\/caseiroenatural.com.br\/web\/wp-json\/wp\/v2\/pages\/2116\/revisions"}],"predecessor-version":[{"id":3936,"href":"https:\/\/caseiroenatural.com.br\/web\/wp-json\/wp\/v2\/pages\/2116\/revisions\/3936"}],"up":[{"embeddable":true,"href":"https:\/\/caseiroenatural.com.br\/web\/wp-json\/wp\/v2\/pages\/1880"}],"wp:attachment":[{"href":"https:\/\/caseiroenatural.com.br\/web\/wp-json\/wp\/v2\/media?parent=2116"}],"curies":[{"name":"wp","href":"https:\/\/api.w.org\/{rel}","templated":true}]}}