{"id":1882,"date":"2018-10-10T17:54:19","date_gmt":"2018-10-10T20:54:19","guid":{"rendered":"http:\/\/caseiroenatural.com.br\/web\/?page_id=1882"},"modified":"2024-08-01T15:40:48","modified_gmt":"2024-08-01T18:40:48","slug":"onde-encontrar","status":"publish","type":"page","link":"https:\/\/caseiroenatural.com.br\/web\/onde-encontrar\/","title":{"rendered":"Onde encontrar"},"content":{"rendered":"<p>[vc_row][vc_column][vc_column_text]<strong>Saiba onde encontrar os nossos produtos selecionando a cidade ou indicando a sua regi\u00e3o.<\/strong>[\/vc_column_text][\/vc_column][\/vc_row][vc_row][vc_column][vc_column_text]<\/p>\n<p style=\"text-align: left;\">Ficou com alguma d\u00favida ou deseja mais informa\u00e7\u00f5es?<\/p>\n<p>[\/vc_column_text][vc_btn title=&#8221;Entre em contato&#8221; style=&#8221;outline&#8221; color=&#8221;theme_primary_btn&#8221; size=&#8221;sm&#8221; i_align=&#8221;right&#8221; i_icon_fontawesome=&#8221;fa fa-angle-right&#8221; add_icon=&#8221;true&#8221; link=&#8221;url:http%3A%2F%2Fcaseiroenatural.com.br%2Fweb%2Fcontato%2F|||&#8221; css=&#8221;.vc_custom_1544464195257{margin-top: -20px !important;}&#8221;][\/vc_column][\/vc_row][vc_row full_width=&#8221;stretch_row&#8221; css=&#8221;.vc_custom_1544463950397{margin-top: 20px !important;padding-top: 20px !important;padding-bottom: 20px !important;background-color: #e8e8e8 !important;}&#8221;][vc_column][vc_raw_html]JTNDaWZyYW1lJTIwc3JjJTNEJTIyaHR0cHMlM0ElMkYlMkZtdW5kZGkuY29tJTJGY2FzZWlyby1lLW5hdHVyYWwlM0ZlJTNEMSUyNmxvZ28lM0QxJTIyJTIwd2lkdGglM0QlMjIxMDAlMjUlMjIlMjBoZWlnaHQlM0QlMjI1MDBweCUyMiUyMGFsbG93JTNEJTIyZ2VvbG9jYXRpb24lMjAlMkElM0IlMjIlM0UlM0MlMkZpZnJhbWUlM0U=[\/vc_raw_html][\/vc_column][\/vc_row]<\/p>\n","protected":false},"excerpt":{"rendered":"<p>[vc_row][vc_column][vc_column_text]Saiba onde encontrar os nossos produtos selecionando a cidade ou indicando a sua regi\u00e3o.[\/vc_column_text][\/vc_column][\/vc_row][vc_row][vc_column][vc_column_text] Ficou com alguma d\u00favida ou deseja mais informa\u00e7\u00f5es? [\/vc_column_text][vc_btn title=&#8221;Entre em contato&#8221; style=&#8221;outline&#8221; color=&#8221;theme_primary_btn&#8221; size=&#8221;sm&#8221; i_align=&#8221;right&#8221; i_icon_fontawesome=&#8221;fa fa-angle-right&#8221; add_icon=&#8221;true&#8221; link=&#8221;url:http%3A%2F%2Fcaseiroenatural.com.br%2Fweb%2Fcontato%2F|||&#8221; css=&#8221;.vc_custom_1544464195257{margin-top: -20px !important;}&#8221;][\/vc_column][\/vc_row][vc_row full_width=&#8221;stretch_row&#8221; css=&#8221;.vc_custom_1544463950397{margin-top: 20px !important;padding-top: 20px !important;padding-bottom: 20px !important;background-color: #e8e8e8 !important;}&#8221;][vc_column][vc_raw_html]JTNDaWZyYW1lJTIwc3JjJTNEJTIyaHR0cHMlM0ElMkYlMkZtdW5kZGkuY29tJTJGY2FzZWlyby1lLW5hdHVyYWwlM0ZlJTNEMSUyNmxvZ28lM0QxJTIyJTIwd2lkdGglM0QlMjIxMDAlMjUlMjIlMjBoZWlnaHQlM0QlMjI1MDBweCUyMiUyMGFsbG93JTNEJTIyZ2VvbG9jYXRpb24lMjAlMkElM0IlMjIlM0UlM0MlMkZpZnJhbWUlM0U=[\/vc_raw_html][\/vc_column][\/vc_row]<\/p>\n","protected":false},"author":1,"featured_media":2286,"parent":0,"menu_order":0,"comment_status":"closed","ping_status":"closed","template":"","meta":{"footnotes":""},"class_list":["post-1882","page","type-page","status-publish","has-post-thumbnail","hentry"],"_links":{"self":[{"href":"https:\/\/caseiroenatural.com.br\/web\/wp-json\/wp\/v2\/pages\/1882","targetHints":{"allow":["GET"]}}],"collection":[{"href":"https:\/\/caseiroenatural.com.br\/web\/wp-json\/wp\/v2\/pages"}],"about":[{"href":"https:\/\/caseiroenatural.com.br\/web\/wp-json\/wp\/v2\/types\/page"}],"author":[{"embeddable":true,"href":"https:\/\/caseiroenatural.com.br\/web\/wp-json\/wp\/v2\/users\/1"}],"replies":[{"embeddable":true,"href":"https:\/\/caseiroenatural.com.br\/web\/wp-json\/wp\/v2\/comments?post=1882"}],"version-history":[{"count":1,"href":"https:\/\/caseiroenatural.com.br\/web\/wp-json\/wp\/v2\/pages\/1882\/revisions"}],"predecessor-version":[{"id":2281,"href":"https:\/\/caseiroenatural.com.br\/web\/wp-json\/wp\/v2\/pages\/1882\/revisions\/2281"}],"wp:featuredmedia":[{"embeddable":true,"href":"https:\/\/caseiroenatural.com.br\/web\/wp-json\/wp\/v2\/media\/2286"}],"wp:attachment":[{"href":"https:\/\/caseiroenatural.com.br\/web\/wp-json\/wp\/v2\/media?parent=1882"}],"curies":[{"name":"wp","href":"https:\/\/api.w.org\/{rel}","templated":true}]}}