{"id":1880,"date":"2018-10-10T17:53:52","date_gmt":"2018-10-10T20:53:52","guid":{"rendered":"http:\/\/caseiroenatural.com.br\/web\/?page_id=1880"},"modified":"2025-08-21T10:36:54","modified_gmt":"2025-08-21T13:36:54","slug":"produtos","status":"publish","type":"page","link":"https:\/\/caseiroenatural.com.br\/web\/produtos\/","title":{"rendered":"Produtos"},"content":{"rendered":"<p>[vc_row css=&#8221;.vc_custom_1689186370999{margin-top: 30px !important;margin-bottom: 35px !important;}&#8221;][vc_column][vc_custom_heading text=&#8221;Prezamos pela forma natural de cada ingrediente para preservar os nutrientes.&#8221; font_container=&#8221;tag:h2|text_align:center|color:%233a231c&#8221; use_theme_fonts=&#8221;yes&#8221;][vc_column_text]<\/p>\n<p style=\"text-align: center;\">Por isso todos os produtos s\u00e3o minimamente processados e industrializados.\u00a0Nossos produtos s\u00e3o encontrados em lojas especializadas em alimenta\u00e7\u00e3o saud\u00e1vel espalhadas por todos o Brasil.\u00a0Cada produto que fabricamos possui sabor, cor, aroma e textura natural.<\/p>\n<p>[\/vc_column_text][vc_row_inner][vc_column_inner width=&#8221;1\/4&#8243;][\/vc_column_inner][vc_column_inner width=&#8221;1\/4&#8243;][vc_btn title=&#8221;VER PRODUTOS&#8221; style=&#8221;outline&#8221; color=&#8221;theme_primary_btn&#8221; align=&#8221;center&#8221; button_block=&#8221;true&#8221; link=&#8221;url:%23produtos|||&#8221;][\/vc_column_inner][vc_column_inner width=&#8221;1\/4&#8243;][vc_btn title=&#8221;SEJA UM REVENDEDOR&#8221; style=&#8221;outline&#8221; color=&#8221;theme_primary_btn&#8221; align=&#8221;center&#8221; button_block=&#8221;true&#8221; link=&#8221;url:%23revenda|||&#8221;][\/vc_column_inner][vc_column_inner width=&#8221;1\/4&#8243;][\/vc_column_inner][\/vc_row_inner][\/vc_column][\/vc_row][vc_row full_width=&#8221;stretch_row&#8221; parallax=&#8221;content-moving&#8221; parallax_image=&#8221;1221&#8243; css=&#8221;.vc_custom_1541531824072{padding-top: 10px !important;padding-bottom: 10px !important;background-image: url(http:\/\/caseiroenatural.com.br\/web\/wp-content\/uploads\/2018\/11\/tarja01.jpg?id=2077) !important;background-position: center;background-repeat: no-repeat !important;background-size: cover !important;}&#8221;][vc_column width=&#8221;1\/2&#8243; css=&#8221;.vc_custom_1541532432973{padding-right: 30px !important;padding-left: 30px !important;background-color: #c9cb8c !important;}&#8221;][vc_row_inner content_placement=&#8221;middle&#8221;][vc_column_inner width=&#8221;1\/2&#8243;][vc_single_image image=&#8221;1986&#8243; img_size=&#8221;full&#8221;][\/vc_column_inner][vc_column_inner width=&#8221;1\/2&#8243; css=&#8221;.vc_custom_1689186514644{padding-right: 15px !important;padding-left: 15px !important;}&#8221;][vc_custom_heading text=&#8221;Natural de verdade!&#8221; font_container=&#8221;tag:h2|text_align:left|color:%23919138&#8243; use_theme_fonts=&#8221;yes&#8221;][vc_column_text]<\/p>\n<p style=\"text-align: left;\">Selecionamos a mat\u00e9ria prima de qualidade para formar o conjunto de ingredientes ricos em vitaminas, fibras e sabor natural. Um conjunto de ingredientes selecionados para fabrica\u00e7\u00e3o de alimento saud\u00e1vel de verdade, que voc\u00ea encontra em cada pacotinho.<\/p>\n<p>[\/vc_column_text][\/vc_column_inner][\/vc_row_inner][\/vc_column][vc_column width=&#8221;1\/2&#8243; css=&#8221;.vc_custom_1539624507125{padding-top: 50px !important;}&#8221;][\/vc_column][\/vc_row][vc_row full_width=&#8221;stretch_row&#8221; css=&#8221;.vc_custom_1689186484981{padding-top: 20px !important;background-color: #fbf7eb !important;}&#8221; el_id=&#8221;produtos&#8221;][vc_column css=&#8221;.vc_custom_1541531197513{padding-right: 20px !important;padding-left: 20px !important;}&#8221;][vc_custom_heading text=&#8221;NOSSA LINHA DE PRODUTOS&#8221; font_container=&#8221;tag:h2|text_align:center|color:%23919138&#8243; use_theme_fonts=&#8221;yes&#8221; css=&#8221;.vc_custom_1544467694459{margin-top: 40px !important;}&#8221;][\/vc_column][\/vc_row][vc_row full_width=&#8221;stretch_row&#8221; css=&#8221;.vc_custom_1689186788124{margin-bottom: 0px !important;padding-top: 5px !important;padding-bottom: 0px !important;background-color: #fbf7eb !important;}&#8221;][vc_column css=&#8221;.vc_custom_1689186725831{padding-right: 20px !important;padding-left: 20px !important;}&#8221;][vc_row_inner][vc_column_inner width=&#8221;1\/3&#8243;][vc_custom_heading text=&#8221;Biscoitos Doces Veganos&#8221; font_container=&#8221;tag:h3|font_size:21|text_align:left|color:%23ffffff&#8221; use_theme_fonts=&#8221;yes&#8221; link=&#8221;url:http%3A%2F%2Fcaseiroenatural.com.br%2Fweb%2Fprodutos%2Fbiscoitos-doces-veganos%2F|||&#8221; css=&#8221;.vc_custom_1544467858077{padding-top: 180px !important;padding-right: 20px !important;padding-bottom: 20px !important;padding-left: 20px !important;background-image: url(http:\/\/caseiroenatural.com.br\/web\/wp-content\/uploads\/2018\/12\/box01.jpg?id=2199) !important;background-position: center !important;background-repeat: no-repeat !important;background-size: cover !important;border-radius: 10px !important;}&#8221;][\/vc_column_inner][vc_column_inner width=&#8221;1\/3&#8243;][vc_custom_heading text=&#8221;Biscoitos Salgados&#8221; font_container=&#8221;tag:h3|font_size:22|text_align:left|color:%23ffffff&#8221; use_theme_fonts=&#8221;yes&#8221; link=&#8221;url:http%3A%2F%2Fcaseiroenatural.com.br%2Fweb%2Fprodutos%2Fbiscoitos-salgados%2F|||&#8221; css=&#8221;.vc_custom_1544467974006{padding-top: 180px !important;padding-right: 20px !important;padding-bottom: 20px !important;padding-left: 20px !important;background-image: url(http:\/\/caseiroenatural.com.br\/web\/wp-content\/uploads\/2018\/12\/box02.jpg?id=2201) !important;background-position: center !important;background-repeat: no-repeat !important;background-size: cover !important;border-radius: 10px !important;}&#8221;][\/vc_column_inner][vc_column_inner width=&#8221;1\/3&#8243;][vc_custom_heading text=&#8221;Biscoitos Salgados Veganos&#8221; font_container=&#8221;tag:h3|font_size:21|text_align:left|color:%23ffffff&#8221; use_theme_fonts=&#8221;yes&#8221; link=&#8221;url:http%3A%2F%2Fcaseiroenatural.com.br%2Fweb%2Fprodutos%2Fbiscoitos-salgados-veganos%2F|||&#8221; css=&#8221;.vc_custom_1544467878344{padding-top: 180px !important;padding-right: 20px !important;padding-bottom: 20px !important;padding-left: 20px !important;background-image: url(http:\/\/caseiroenatural.com.br\/web\/wp-content\/uploads\/2018\/12\/box03.jpg?id=2202) !important;background-position: center !important;background-repeat: no-repeat !important;background-size: cover !important;border-radius: 10px !important;}&#8221;][\/vc_column_inner][\/vc_row_inner][\/vc_column][\/vc_row][vc_row full_width=&#8221;stretch_row&#8221; css=&#8221;.vc_custom_1689186795618{margin-top: 0px !important;padding-top: 0px !important;padding-bottom: 60px !important;background-color: #fbf7eb !important;}&#8221;][vc_column css=&#8221;.vc_custom_1541531197513{padding-right: 20px !important;padding-left: 20px !important;}&#8221;][vc_row_inner][vc_column_inner width=&#8221;1\/2&#8243;][vc_custom_heading text=&#8221;Crocante de Cereais&#8221; font_container=&#8221;tag:h3|font_size:21|text_align:left|color:%23ffffff&#8221; use_theme_fonts=&#8221;yes&#8221; link=&#8221;url:http%3A%2F%2Fcaseiroenatural.com.br%2Fweb%2Fprodutos%2Fcrocante-de-cereais%2F|||&#8221; css=&#8221;.vc_custom_1544467892257{padding-top: 180px !important;padding-right: 20px !important;padding-bottom: 20px !important;padding-left: 20px !important;background-image: url(http:\/\/caseiroenatural.com.br\/web\/wp-content\/uploads\/2018\/12\/box04.jpg?id=2203) !important;background-position: center !important;background-repeat: no-repeat !important;background-size: cover !important;border-radius: 10px !important;}&#8221;][\/vc_column_inner][vc_column_inner width=&#8221;1\/2&#8243;][vc_custom_heading text=&#8221;Doces Veganos&#8221; font_container=&#8221;tag:h3|font_size:21|text_align:left|color:%23ffffff&#8221; use_theme_fonts=&#8221;yes&#8221; link=&#8221;url:http%3A%2F%2Fcaseiroenatural.com.br%2Fweb%2Fprodutos%2Fdoces-veganos%2F|||&#8221; css=&#8221;.vc_custom_1544467902797{padding-top: 180px !important;padding-right: 20px !important;padding-bottom: 20px !important;padding-left: 20px !important;background-image: url(http:\/\/caseiroenatural.com.br\/web\/wp-content\/uploads\/2018\/12\/box05.jpg?id=2204) !important;background-position: center !important;background-repeat: no-repeat !important;background-size: cover !important;border-radius: 10px !important;}&#8221;][\/vc_column_inner][\/vc_row_inner][\/vc_column][\/vc_row][vc_row css=&#8221;.vc_custom_1539614447453{margin-top: 40px !important;padding-bottom: 30px !important;}&#8221;][vc_column width=&#8221;1\/3&#8243;][vc_custom_heading text=&#8221;Vamos te dar 5 motivos para escolher produtos da nossa marca.&#8221; font_container=&#8221;tag:h2|text_align:left|color:%23919138&#8243; use_theme_fonts=&#8221;yes&#8221;][vc_empty_space height=&#8221;25px&#8221;][vc_single_image image=&#8221;1964&#8243; img_size=&#8221;full&#8221; css=&#8221;.vc_custom_1539614587659{padding-right: 40px !important;}&#8221;][\/vc_column][vc_column width=&#8221;2\/3&#8243;][vc_row_inner][vc_column_inner width=&#8221;1\/2&#8243;][vc_column_text]<\/p>\n<h2 style=\"text-align: left;\">1.<\/h2>\n<p style=\"text-align: left;\">Somos uma ind\u00fastria estabelecida h\u00e1 36 anos e comprometida em fabricar alimentos saud\u00e1veis de verdade. Nosso compromisso \u00e9\u00a0 fabricar alimentos que promovam a sa\u00fade.<\/p>\n<p>[\/vc_column_text][\/vc_column_inner][vc_column_inner width=&#8221;1\/2&#8243;][vc_column_text]<\/p>\n<h2>2.<\/h2>\n<p style=\"text-align: left;\">Iniciamos nosso atendimento no estado de Santa Catarina e atualmente temos s\u00f3lido atendimento aos estados do Paran\u00e1 e S\u00e3o Paulo com prospec\u00e7\u00e3o de crescimento para outros estados do Brasil com atendimento direto de f\u00e1brica.<\/p>\n<p>[\/vc_column_text][\/vc_column_inner][\/vc_row_inner][vc_row_inner][vc_column_inner width=&#8221;1\/3&#8243;][vc_single_image image=&#8221;1961&#8243; img_size=&#8221;full&#8221; css_animation=&#8221;none&#8221;][vc_column_text]<\/p>\n<h2 style=\"text-align: left;\">3.<\/h2>\n<p style=\"text-align: left;\">Todos os nossos produtos s\u00e3o livres de corantes, conservantes, aromatizantes, glutamato monoss\u00f3dico e qualquer outra qu\u00edmica sint\u00e9tica.<\/p>\n<p>[\/vc_column_text][\/vc_column_inner][vc_column_inner width=&#8221;1\/3&#8243;][vc_single_image image=&#8221;1960&#8243; img_size=&#8221;full&#8221; css_animation=&#8221;none&#8221;][vc_column_text]<\/p>\n<h2 style=\"text-align: left;\">4.<\/h2>\n<p style=\"text-align: left;\">Nossos produtos s\u00e3o 100% naturais. Livres de manteiga, \u00f3leo de soja e gordura vegetal.<\/p>\n<p>[\/vc_column_text][\/vc_column_inner][vc_column_inner width=&#8221;1\/3&#8243;][vc_single_image image=&#8221;1962&#8243; img_size=&#8221;full&#8221; css_animation=&#8221;none&#8221;][vc_column_text]<\/p>\n<h2 style=\"text-align: left;\">5.<\/h2>\n<p style=\"text-align: left;\">Temos uma linha de produtos Vegano, sem ingredientes de origem animal.<\/p>\n<p>[\/vc_column_text][\/vc_column_inner][\/vc_row_inner][\/vc_column][\/vc_row][vc_row full_width=&#8221;stretch_row&#8221; css=&#8221;.vc_custom_1689186297227{padding-top: 30px !important;padding-bottom: 50px !important;background-color: #efeadd !important;}&#8221; el_id=&#8221;revenda&#8221;][vc_column width=&#8221;1\/3&#8243; css=&#8221;.vc_custom_1689186347791{padding-right: 33px !important;padding-left: 33px !important;}&#8221;][vc_single_image image=&#8221;3258&#8243; img_size=&#8221;full&#8221;][vc_custom_heading text=&#8221;Converse com um consultor de vendas&#8221; font_container=&#8221;tag:h3|text_align:left&#8221; use_theme_fonts=&#8221;yes&#8221;][vc_custom_heading text=&#8221;Preencha o formul\u00e1rio de contato e receba mais breve poss\u00edvel o contato da nossa equipe.&#8221; font_container=&#8221;tag:p|text_align:left&#8221; use_theme_fonts=&#8221;yes&#8221;][\/vc_column][vc_column width=&#8221;2\/3&#8243; css=&#8221;.vc_custom_1689186306147{padding-right: 33px !important;padding-left: 33px !important;}&#8221;][vc_raw_html]JTVCd3Bmb3JtcyUyMGlkJTNEJTIyMzg1MyUyMiUyMHRpdGxlJTNEJTIyZmFsc2UlMjIlNUQ=[\/vc_raw_html][\/vc_column][\/vc_row]<\/p>\n","protected":false},"excerpt":{"rendered":"<p>[vc_row css=&#8221;.vc_custom_1689186370999{margin-top: 30px !important;margin-bottom: 35px !important;}&#8221;][vc_column][vc_custom_heading text=&#8221;Prezamos pela forma natural de cada ingrediente para preservar os nutrientes.&#8221; font_container=&#8221;tag:h2|text_align:center|color:%233a231c&#8221; use_theme_fonts=&#8221;yes&#8221;][vc_column_text] Por isso todos os produtos s\u00e3o minimamente processados e industrializados.\u00a0Nossos produtos s\u00e3o encontrados em lojas especializadas em alimenta\u00e7\u00e3o saud\u00e1vel espalhadas por todos o Brasil.\u00a0Cada produto que fabricamos possui sabor, cor, aroma e textura natural. [\/vc_column_text][vc_row_inner][vc_column_inner width=&#8221;1\/4&#8243;][\/vc_column_inner][vc_column_inner width=&#8221;1\/4&#8243;][vc_btn title=&#8221;VER PRODUTOS&#8221; style=&#8221;outline&#8221; color=&#8221;theme_primary_btn&#8221; align=&#8221;center&#8221; button_block=&#8221;true&#8221; link=&#8221;url:%23produtos|||&#8221;][\/vc_column_inner][vc_column_inner width=&#8221;1\/4&#8243;][vc_btn title=&#8221;SEJA UM REVENDEDOR&#8221; style=&#8221;outline&#8221; color=&#8221;theme_primary_btn&#8221; align=&#8221;center&#8221; button_block=&#8221;true&#8221; link=&#8221;url:%23revenda|||&#8221;][\/vc_column_inner][vc_column_inner width=&#8221;1\/4&#8243;][\/vc_column_inner][\/vc_row_inner][\/vc_column][\/vc_row][vc_row full_width=&#8221;stretch_row&#8221; parallax=&#8221;content-moving&#8221; parallax_image=&#8221;1221&#8243; css=&#8221;.vc_custom_1541531824072{padding-top: 10px !important;padding-bottom: 10px !important;background-image: url(http:\/\/caseiroenatural.com.br\/web\/wp-content\/uploads\/2018\/11\/tarja01.jpg?id=2077) !important;background-position: center;background-repeat: no-repeat !important;background-size: cover !important;}&#8221;][vc_column width=&#8221;1\/2&#8243; css=&#8221;.vc_custom_1541532432973{padding-right: 30px !important;padding-left: 30px !important;background-color: #c9cb8c !important;}&#8221;][vc_row_inner content_placement=&#8221;middle&#8221;][vc_column_inner width=&#8221;1\/2&#8243;][vc_single_image image=&#8221;1986&#8243; img_size=&#8221;full&#8221;][\/vc_column_inner][vc_column_inner width=&#8221;1\/2&#8243; css=&#8221;.vc_custom_1689186514644{padding-right: 15px !important;padding-left: 15px !important;}&#8221;][vc_custom_heading text=&#8221;Natural de verdade!&#8221; font_container=&#8221;tag:h2|text_align:left|color:%23919138&#8243; use_theme_fonts=&#8221;yes&#8221;][vc_column_text] Selecionamos a mat\u00e9ria prima de qualidade para formar o conjunto de ingredientes ricos em vitaminas, fibras e sabor natural. Um conjunto de ingredientes selecionados para fabrica\u00e7\u00e3o de alimento saud\u00e1vel de verdade, que voc\u00ea encontra em cada pacotinho. [\/vc_column_text][\/vc_column_inner][\/vc_row_inner][\/vc_column][vc_column width=&#8221;1\/2&#8243; css=&#8221;.vc_custom_1539624507125{padding-top: 50px !important;}&#8221;][\/vc_column][\/vc_row][vc_row full_width=&#8221;stretch_row&#8221; css=&#8221;.vc_custom_1689186484981{padding-top: 20px !important;background-color: #fbf7eb !important;}&#8221; el_id=&#8221;produtos&#8221;][vc_column css=&#8221;.vc_custom_1541531197513{padding-right: 20px !important;padding-left: 20px !important;}&#8221;][vc_custom_heading text=&#8221;NOSSA LINHA DE PRODUTOS&#8221; font_container=&#8221;tag:h2|text_align:center|color:%23919138&#8243; use_theme_fonts=&#8221;yes&#8221; css=&#8221;.vc_custom_1544467694459{margin-top: 40px !important;}&#8221;][\/vc_column][\/vc_row][vc_row full_width=&#8221;stretch_row&#8221; css=&#8221;.vc_custom_1689186788124{margin-bottom: 0px !important;padding-top: 5px !important;padding-bottom: 0px !important;background-color: #fbf7eb !important;}&#8221;][vc_column css=&#8221;.vc_custom_1689186725831{padding-right: 20px !important;padding-left: 20px !important;}&#8221;][vc_row_inner][vc_column_inner width=&#8221;1\/3&#8243;][vc_custom_heading text=&#8221;Biscoitos Doces Veganos&#8221; font_container=&#8221;tag:h3|font_size:21|text_align:left|color:%23ffffff&#8221; use_theme_fonts=&#8221;yes&#8221; link=&#8221;url:http%3A%2F%2Fcaseiroenatural.com.br%2Fweb%2Fprodutos%2Fbiscoitos-doces-veganos%2F|||&#8221; css=&#8221;.vc_custom_1544467858077{padding-top: 180px !important;padding-right: 20px !important;padding-bottom: 20px !important;padding-left: 20px !important;background-image: url(http:\/\/caseiroenatural.com.br\/web\/wp-content\/uploads\/2018\/12\/box01.jpg?id=2199) !important;background-position: center !important;background-repeat: no-repeat !important;background-size: cover !important;border-radius: 10px !important;}&#8221;][\/vc_column_inner][vc_column_inner width=&#8221;1\/3&#8243;][vc_custom_heading text=&#8221;Biscoitos Salgados&#8221; font_container=&#8221;tag:h3|font_size:22|text_align:left|color:%23ffffff&#8221; use_theme_fonts=&#8221;yes&#8221; link=&#8221;url:http%3A%2F%2Fcaseiroenatural.com.br%2Fweb%2Fprodutos%2Fbiscoitos-salgados%2F|||&#8221; css=&#8221;.vc_custom_1544467974006{padding-top: 180px !important;padding-right: 20px !important;padding-bottom: 20px !important;padding-left: 20px !important;background-image: url(http:\/\/caseiroenatural.com.br\/web\/wp-content\/uploads\/2018\/12\/box02.jpg?id=2201) !important;background-position: center !important;background-repeat: no-repeat !important;background-size: cover !important;border-radius: 10px !important;}&#8221;][\/vc_column_inner][vc_column_inner width=&#8221;1\/3&#8243;][vc_custom_heading text=&#8221;Biscoitos Salgados Veganos&#8221; font_container=&#8221;tag:h3|font_size:21|text_align:left|color:%23ffffff&#8221; use_theme_fonts=&#8221;yes&#8221; link=&#8221;url:http%3A%2F%2Fcaseiroenatural.com.br%2Fweb%2Fprodutos%2Fbiscoitos-salgados-veganos%2F|||&#8221; css=&#8221;.vc_custom_1544467878344{padding-top: 180px !important;padding-right: 20px !important;padding-bottom: 20px !important;padding-left: 20px !important;background-image: url(http:\/\/caseiroenatural.com.br\/web\/wp-content\/uploads\/2018\/12\/box03.jpg?id=2202) !important;background-position: center !important;background-repeat: no-repeat !important;background-size: cover !important;border-radius: 10px !important;}&#8221;][\/vc_column_inner][\/vc_row_inner][\/vc_column][\/vc_row][vc_row full_width=&#8221;stretch_row&#8221; css=&#8221;.vc_custom_1689186795618{margin-top: 0px !important;padding-top: 0px !important;padding-bottom: 60px !important;background-color: #fbf7eb !important;}&#8221;][vc_column css=&#8221;.vc_custom_1541531197513{padding-right: 20px !important;padding-left: 20px !important;}&#8221;][vc_row_inner][vc_column_inner width=&#8221;1\/2&#8243;][vc_custom_heading text=&#8221;Crocante de Cereais&#8221; font_container=&#8221;tag:h3|font_size:21|text_align:left|color:%23ffffff&#8221; use_theme_fonts=&#8221;yes&#8221; link=&#8221;url:http%3A%2F%2Fcaseiroenatural.com.br%2Fweb%2Fprodutos%2Fcrocante-de-cereais%2F|||&#8221; css=&#8221;.vc_custom_1544467892257{padding-top: 180px !important;padding-right: 20px !important;padding-bottom: 20px !important;padding-left: 20px !important;background-image: url(http:\/\/caseiroenatural.com.br\/web\/wp-content\/uploads\/2018\/12\/box04.jpg?id=2203) !important;background-position: center !important;background-repeat: no-repeat !important;background-size: cover !important;border-radius: 10px !important;}&#8221;][\/vc_column_inner][vc_column_inner width=&#8221;1\/2&#8243;][vc_custom_heading text=&#8221;Doces Veganos&#8221; font_container=&#8221;tag:h3|font_size:21|text_align:left|color:%23ffffff&#8221; use_theme_fonts=&#8221;yes&#8221; link=&#8221;url:http%3A%2F%2Fcaseiroenatural.com.br%2Fweb%2Fprodutos%2Fdoces-veganos%2F|||&#8221; css=&#8221;.vc_custom_1544467902797{padding-top: 180px !important;padding-right: 20px !important;padding-bottom: 20px !important;padding-left: 20px !important;background-image: url(http:\/\/caseiroenatural.com.br\/web\/wp-content\/uploads\/2018\/12\/box05.jpg?id=2204) !important;background-position: center !important;background-repeat: no-repeat !important;background-size: cover !important;border-radius: 10px !important;}&#8221;][\/vc_column_inner][\/vc_row_inner][\/vc_column][\/vc_row][vc_row css=&#8221;.vc_custom_1539614447453{margin-top: 40px !important;padding-bottom: 30px !important;}&#8221;][vc_column width=&#8221;1\/3&#8243;][vc_custom_heading text=&#8221;Vamos te dar 5 motivos para escolher produtos da nossa marca.&#8221; font_container=&#8221;tag:h2|text_align:left|color:%23919138&#8243; use_theme_fonts=&#8221;yes&#8221;][vc_empty_space height=&#8221;25px&#8221;][vc_single_image image=&#8221;1964&#8243; img_size=&#8221;full&#8221; css=&#8221;.vc_custom_1539614587659{padding-right: 40px !important;}&#8221;][\/vc_column][vc_column width=&#8221;2\/3&#8243;][vc_row_inner][vc_column_inner width=&#8221;1\/2&#8243;][vc_column_text] 1. Somos uma ind\u00fastria estabelecida h\u00e1 36 anos e comprometida em fabricar alimentos saud\u00e1veis de verdade. Nosso compromisso \u00e9\u00a0 fabricar alimentos que promovam a sa\u00fade. [\/vc_column_text][\/vc_column_inner][vc_column_inner width=&#8221;1\/2&#8243;][vc_column_text] 2. Iniciamos nosso atendimento no estado de Santa Catarina e atualmente temos s\u00f3lido atendimento aos estados do Paran\u00e1 e S\u00e3o Paulo com prospec\u00e7\u00e3o de crescimento para outros estados do Brasil com atendimento direto de f\u00e1brica. [\/vc_column_text][\/vc_column_inner][\/vc_row_inner][vc_row_inner][vc_column_inner width=&#8221;1\/3&#8243;][vc_single_image image=&#8221;1961&#8243; img_size=&#8221;full&#8221; css_animation=&#8221;none&#8221;][vc_column_text] 3. Todos os nossos produtos s\u00e3o livres de corantes, conservantes, aromatizantes, glutamato monoss\u00f3dico e qualquer outra qu\u00edmica sint\u00e9tica. [\/vc_column_text][\/vc_column_inner][vc_column_inner width=&#8221;1\/3&#8243;][vc_single_image image=&#8221;1960&#8243; img_size=&#8221;full&#8221; css_animation=&#8221;none&#8221;][vc_column_text] 4. Nossos produtos s\u00e3o 100% naturais. Livres de manteiga, \u00f3leo de soja e gordura vegetal. [\/vc_column_text][\/vc_column_inner][vc_column_inner width=&#8221;1\/3&#8243;][vc_single_image image=&#8221;1962&#8243; img_size=&#8221;full&#8221; css_animation=&#8221;none&#8221;][vc_column_text] 5. Temos uma linha de produtos Vegano, sem ingredientes de origem animal. [\/vc_column_text][\/vc_column_inner][\/vc_row_inner][\/vc_column][\/vc_row][vc_row full_width=&#8221;stretch_row&#8221; css=&#8221;.vc_custom_1689186297227{padding-top: 30px !important;padding-bottom: 50px !important;background-color: #efeadd !important;}&#8221; el_id=&#8221;revenda&#8221;][vc_column width=&#8221;1\/3&#8243; css=&#8221;.vc_custom_1689186347791{padding-right: 33px !important;padding-left: 33px !important;}&#8221;][vc_single_image image=&#8221;3258&#8243; img_size=&#8221;full&#8221;][vc_custom_heading text=&#8221;Converse com um consultor de vendas&#8221; font_container=&#8221;tag:h3|text_align:left&#8221; use_theme_fonts=&#8221;yes&#8221;][vc_custom_heading text=&#8221;Preencha o formul\u00e1rio de contato e receba mais breve poss\u00edvel o contato da [&hellip;]<\/p>\n","protected":false},"author":1,"featured_media":0,"parent":0,"menu_order":0,"comment_status":"closed","ping_status":"closed","template":"","meta":{"footnotes":""},"class_list":["post-1880","page","type-page","status-publish","hentry"],"_links":{"self":[{"href":"https:\/\/caseiroenatural.com.br\/web\/wp-json\/wp\/v2\/pages\/1880","targetHints":{"allow":["GET"]}}],"collection":[{"href":"https:\/\/caseiroenatural.com.br\/web\/wp-json\/wp\/v2\/pages"}],"about":[{"href":"https:\/\/caseiroenatural.com.br\/web\/wp-json\/wp\/v2\/types\/page"}],"author":[{"embeddable":true,"href":"https:\/\/caseiroenatural.com.br\/web\/wp-json\/wp\/v2\/users\/1"}],"replies":[{"embeddable":true,"href":"https:\/\/caseiroenatural.com.br\/web\/wp-json\/wp\/v2\/comments?post=1880"}],"version-history":[{"count":4,"href":"https:\/\/caseiroenatural.com.br\/web\/wp-json\/wp\/v2\/pages\/1880\/revisions"}],"predecessor-version":[{"id":3947,"href":"https:\/\/caseiroenatural.com.br\/web\/wp-json\/wp\/v2\/pages\/1880\/revisions\/3947"}],"wp:attachment":[{"href":"https:\/\/caseiroenatural.com.br\/web\/wp-json\/wp\/v2\/media?parent=1880"}],"curies":[{"name":"wp","href":"https:\/\/api.w.org\/{rel}","templated":true}]}}